{"id":39,"date":"2023-09-30T14:32:48","date_gmt":"2023-09-30T12:32:48","guid":{"rendered":"https:\/\/dorianfeduk.fr\/?page_id=39"},"modified":"2024-10-10T16:56:04","modified_gmt":"2024-10-10T14:56:04","slug":"accueil","status":"publish","type":"page","link":"https:\/\/dorianfeduk.fr\/index.php\/accueil\/","title":{"rendered":"Accueil"},"content":{"rendered":"\n<div class=\"wp-block-media-text is-stacked-on-mobile\"><figure class=\"wp-block-media-text__media\"><img loading=\"lazy\" decoding=\"async\" width=\"725\" height=\"408\" src=\"https:\/\/dorianfeduk.fr\/wp-content\/uploads\/2023\/10\/excalibur.jpg\" alt=\"\" class=\"wp-image-87 size-full\" srcset=\"https:\/\/dorianfeduk.fr\/wp-content\/uploads\/2023\/10\/excalibur.jpg 725w, https:\/\/dorianfeduk.fr\/wp-content\/uploads\/2023\/10\/excalibur-300x169.jpg 300w\" sizes=\"auto, (max-width: 725px) 100vw, 725px\" \/><\/figure><div class=\"wp-block-media-text__content\">\n<p class=\"has-text-align-center\">Salut ! Bienvenue sur mon site web. Ici, tu trouveras quelques-unes de mes compositions. J&#8217;aime beaucoup composer pour des mondes fantastiques, oniriques, \u00e9crire des douces m\u00e9lodies, mais aussi, \u00e9tant fan de jeux de Dark Fantasy, des ambiances myst\u00e9rieuses et des musique \u00e9piques. Je suis ouvert \u00e0 tous types de projets (court-m\u00e9trages, jeux-vid\u00e9os, animation ou prise de vue r\u00e9elle, m\u00eame spectacle vivant s&#8217;il est question de cela), donc n&#8217;h\u00e9sitez pas \u00e0 me contacter ! (mail et num\u00e9ro de t\u00e9l disponibles dans le PDF)<\/p>\n<\/div><\/div>\n","protected":false},"excerpt":{"rendered":"<p>Salut ! Bienvenue sur mon site web. Ici, tu trouveras quelques-unes de mes compositions. J&#8217;aime beaucoup composer pour des mondes fantastiques, oniriques, \u00e9crire des douces m\u00e9lodies, mais aussi, \u00e9tant fan de jeux de Dark Fantasy, des ambiances myst\u00e9rieuses et des musique \u00e9piques. Je suis ouvert \u00e0 tous types de projets (court-m\u00e9trages, jeux-vid\u00e9os, animation ou prise [&hellip;]<\/p>\n","protected":false},"author":1,"featured_media":0,"parent":0,"menu_order":0,"comment_status":"closed","ping_status":"closed","template":"","meta":{"saved_in_kubio":false,"footnotes":""},"class_list":["post-39","page","type-page","status-publish","hentry"],"kubio_ai_page_context":{"short_desc":"","purpose":"general"},"_links":{"self":[{"href":"https:\/\/dorianfeduk.fr\/index.php\/wp-json\/wp\/v2\/pages\/39","targetHints":{"allow":["GET"]}}],"collection":[{"href":"https:\/\/dorianfeduk.fr\/index.php\/wp-json\/wp\/v2\/pages"}],"about":[{"href":"https:\/\/dorianfeduk.fr\/index.php\/wp-json\/wp\/v2\/types\/page"}],"author":[{"embeddable":true,"href":"https:\/\/dorianfeduk.fr\/index.php\/wp-json\/wp\/v2\/users\/1"}],"replies":[{"embeddable":true,"href":"https:\/\/dorianfeduk.fr\/index.php\/wp-json\/wp\/v2\/comments?post=39"}],"version-history":[{"count":8,"href":"https:\/\/dorianfeduk.fr\/index.php\/wp-json\/wp\/v2\/pages\/39\/revisions"}],"predecessor-version":[{"id":166,"href":"https:\/\/dorianfeduk.fr\/index.php\/wp-json\/wp\/v2\/pages\/39\/revisions\/166"}],"wp:attachment":[{"href":"https:\/\/dorianfeduk.fr\/index.php\/wp-json\/wp\/v2\/media?parent=39"}],"curies":[{"name":"wp","href":"https:\/\/api.w.org\/{rel}","templated":true}]}}